{"id":50,"date":"2012-08-09T08:52:33","date_gmt":"2012-08-09T08:52:33","guid":{"rendered":"http:\/\/www.snow-board.cz\/?page_id=50"},"modified":"2014-01-06T10:00:50","modified_gmt":"2014-01-06T10:00:50","slug":"partneri","status":"publish","type":"page","link":"https:\/\/www.snow-board.cz\/?page_id=50","title":{"rendered":"Partne\u0159i"},"content":{"rendered":"<p>R\u00e1di vym\u011bn\u00edme odkaz s webem s t\u00e9matikou snowboarding.<\/p>\n<h2>Partne\u0159i:<\/h2>\n<p><a href=\"http:\/\/www.kru.cz\/boty\/\">Boty Fox<\/a> za super cenu<br \/>\n<a title=\"Sportovn\u00ed p\u00e1nsk\u00e9 a d\u00e1msk\u00e9 mikiny od zna\u010dek Adidas, DC, Horsefeathers, Nordblanc, Fox a dal\u0161\u00ed\" href=\"http:\/\/www.xtremeshop.cz\/mikiny\">P\u00e1nsk\u00e9 a d\u00e1msk\u00e9 mikiny<\/a> nab\u00edz\u00ed skateshop se sportovn\u00edm oble\u010den\u00edm. Skate, sport a street mikiny pro ka\u017ed\u00e9ho.<br \/>\n<a title=\"Zna\u010dkov\u00e9 batohy do \u0161koly, mesta a na \u0161port\" href=\"http:\/\/www.xtremeshop.sk\/batohy\">Batohy<\/a> do \u0161koly a \u0161portov\u00e9 ta\u0161ky Adidas, DC, Fox, Dakine, NordBlanc<br \/>\n<a href=\"http:\/\/www.bigboardshop.cz\/\">Skateshop <\/a> se zna\u010dkov\u00fdm oble\u010den\u00edm<\/p>\n","protected":false},"excerpt":{"rendered":"<p>R\u00e1di vym\u011bn\u00edme odkaz s webem s t\u00e9matikou snowboarding. Partne\u0159i: Boty Fox za super cenu P\u00e1nsk\u00e9 a d\u00e1msk\u00e9 mikiny nab\u00edz\u00ed skateshop se sportovn\u00edm oble\u010den\u00edm. Skate, sport a street mikiny pro ka\u017ed\u00e9ho. Batohy do \u0161koly a \u0161portov\u00e9 ta\u0161ky Adidas, DC, Fox, Dakine, NordBlanc Skateshop se zna\u010dkov\u00fdm oble\u010den\u00edm<\/p>\n","protected":false},"author":1,"featured_media":0,"parent":0,"menu_order":0,"comment_status":"closed","ping_status":"closed","template":"","meta":[],"aioseo_notices":[],"_links":{"self":[{"href":"https:\/\/www.snow-board.cz\/index.php?rest_route=\/wp\/v2\/pages\/50"}],"collection":[{"href":"https:\/\/www.snow-board.cz\/index.php?rest_route=\/wp\/v2\/pages"}],"about":[{"href":"https:\/\/www.snow-board.cz\/index.php?rest_route=\/wp\/v2\/types\/page"}],"author":[{"embeddable":true,"href":"https:\/\/www.snow-board.cz\/index.php?rest_route=\/wp\/v2\/users\/1"}],"replies":[{"embeddable":true,"href":"https:\/\/www.snow-board.cz\/index.php?rest_route=%2Fwp%2Fv2%2Fcomments&post=50"}],"version-history":[{"count":7,"href":"https:\/\/www.snow-board.cz\/index.php?rest_route=\/wp\/v2\/pages\/50\/revisions"}],"predecessor-version":[{"id":64,"href":"https:\/\/www.snow-board.cz\/index.php?rest_route=\/wp\/v2\/pages\/50\/revisions\/64"}],"wp:attachment":[{"href":"https:\/\/www.snow-board.cz\/index.php?rest_route=%2Fwp%2Fv2%2Fmedia&parent=50"}],"curies":[{"name":"wp","href":"https:\/\/api.w.org\/{rel}","templated":true}]}}